{"id":43,"date":"2015-05-19T20:53:21","date_gmt":"2015-05-19T18:53:21","guid":{"rendered":"http:\/\/www.ceilog.se\/?page_id=43"},"modified":"2015-05-19T20:53:21","modified_gmt":"2015-05-19T18:53:21","slug":"kontakt","status":"publish","type":"page","link":"http:\/\/www.ceilog.se\/index.php\/kontakt\/","title":{"rendered":"Kontakt"},"content":{"rendered":"<p><img loading=\"lazy\" alt=\"micke\" src=\"http:\/\/www.ceilog.ymex.com\/wp-content\/uploads\/2015\/05\/micke1.jpg\" width=\"150\" height=\"203\" \/><\/p>\n<p><strong>Michael \u00d6stman, VD<br \/>\n<\/strong>Telefon: 070-557 13 13<br \/>\nEpost: <a href=\"mailto:michael.ostman@ceilog.se\">michael.ostman@ceilog.se<\/a><\/p>\n<p><strong>Bes\u00f6ksadress:<br \/>\n<\/strong> \u00c5rsta 115 (Konstruktionskontoret)<br \/>\n87016 Ramvik<\/p>\n<p><strong>Ekonomiavdelning<br \/>\n<\/strong>Telefon: 073-044 41 45 (Annika)<br \/>\nEpost: <a href=\"mailto:annika.winhagen@ceilog.se\">annika.winhagen@ceilog.se<\/a><\/p>\n<p><strong>Godsadress:<\/strong><br \/>\nVeda 411<br \/>\n87015 Utansj\u00f6<\/p>\n<p>&nbsp;<\/p>\n<p><strong><br \/>\n<\/strong><\/p>\n<p>&nbsp;<\/p>\n","protected":false},"excerpt":{"rendered":"<p>Michael \u00d6stman, VD Telefon: 070-557 13 13 Epost: michael.ostman@ceilog.se Bes\u00f6ksadress: \u00c5rsta 115 (Konstruktionskontoret) 87016 Ramvik Ekonomiavdelning Telefon: 073-044 41 45 (Annika) Epost: annika.winhagen@ceilog.se Godsadress: Veda 411 87015 Utansj\u00f6 &nbsp; &nbsp;<\/p>\n","protected":false},"author":1,"featured_media":0,"parent":0,"menu_order":0,"comment_status":"closed","ping_status":"closed","template":"","meta":[],"_links":{"self":[{"href":"http:\/\/www.ceilog.se\/index.php\/wp-json\/wp\/v2\/pages\/43"}],"collection":[{"href":"http:\/\/www.ceilog.se\/index.php\/wp-json\/wp\/v2\/pages"}],"about":[{"href":"http:\/\/www.ceilog.se\/index.php\/wp-json\/wp\/v2\/types\/page"}],"author":[{"embeddable":true,"href":"http:\/\/www.ceilog.se\/index.php\/wp-json\/wp\/v2\/users\/1"}],"replies":[{"embeddable":true,"href":"http:\/\/www.ceilog.se\/index.php\/wp-json\/wp\/v2\/comments?post=43"}],"version-history":[{"count":0,"href":"http:\/\/www.ceilog.se\/index.php\/wp-json\/wp\/v2\/pages\/43\/revisions"}],"wp:attachment":[{"href":"http:\/\/www.ceilog.se\/index.php\/wp-json\/wp\/v2\/media?parent=43"}],"curies":[{"name":"wp","href":"https:\/\/api.w.org\/{rel}","templated":true}]}}