{"id":32,"date":"2015-05-19T20:12:57","date_gmt":"2015-05-19T18:12:57","guid":{"rendered":"http:\/\/www.ceilog.se\/?page_id=32"},"modified":"2015-05-19T20:12:57","modified_gmt":"2015-05-19T18:12:57","slug":"referenser","status":"publish","type":"page","link":"http:\/\/www.ceilog.se\/index.php\/referenser\/","title":{"rendered":"Referenser"},"content":{"rendered":"<p>2009 \u2013 Renholmens Mekaniska \u2013 Moelven Sokna Bruk \u2013 Str\u00f6l\u00e4ggare<\/p>\n<p>2009 \u2013 Vitech Virkeshanteringsteknik \u2013 SCA Bollsta S\u00e5gverk \u2013 Automatsortering<\/p>\n<p>2009 \u2013 SCA Timber \u2013 Rundviks S\u00e5gverk \u2013 Enstyckematare med Safety utrustning<\/p>\n<p>2009 \u2013 SCA Timber \u2013 Rundviks S\u00e5gverk \u2013 Modifiering av paketmaskin<\/p>\n<p>2008 \u2013 Vitech Virkeshanteringsteknik \u2013 Moelven Val\u00e5sen \u2013 Str\u00f6l\u00e4ggare br\u00e4der<\/p>\n<p>2008 \u2013 Vitech Virkeshanteringsteknik \u2013 Moelven Val\u00e5sen \u2013 Str\u00e4l\u00e4ggare centrum<\/p>\n<p>2008 \u2013 Tr\u00e4team \u2013 Registrering av virke<\/p>\n<p>2008 \u2013 Renholmens Mekaniska \u2013 Siljanss\u00e5gen \u2013 Armstyrning str\u00f6l\u00e4ggare<\/p>\n<p>2008 \u2013 Nyland Design \u2013 Emballageutl\u00e4ggare<\/p>\n<p>2007 \u2013 SCA Timber \u2013 Bollsta S\u00e5gverk \u2013 Byte av S5 system p\u00e5 paketmaskin<\/p>\n<p>2007 \u2013 Vitech Virkeshanteringsteknik \u2013 Modifiering av justverk (Robotkap, Nytt intag)<\/p>\n<p>2007 \u2013 Vitech Virkeshanteringsteknik \u2013 Lugnviks S\u00e5gverk \u2013 Kamerasortering<\/p>\n<p>2007 \u2013 Nyland Design \u2013 Prototypmaskin \u2013 Lamellklyv<\/p>\n<p>2007 \u2013 Nyland Design &#8211; Emballageutl\u00e4ggare<\/p>\n<p>2007 \u2013 Tr\u00e4team \u2013 Str\u00f6mottagare<\/p>\n<p>2007 \u2013 Nyland Design \u2013 Norrlands Tr\u00e4 \u2013 Hanteringsutrustning f\u00f6r hantering av klyvning i hyvel<\/p>\n<p>2007 \u2013 Nyland Design \u2013 Emballageutl\u00e4ggare 3 rullar<\/p>\n<p>2007 \u2013 Nyland Design \u2013 Emballageutl\u00e4ggare 2 rullar<\/p>\n<p>2007 \u2013 Nyland Design \u2013 Tr\u00e4team \u2013 Klyvlinje<\/p>\n<p align=\"left\">2006 &#8211; Vitech Virkeshanteringsteknik \u2013 Viking Timber Asarum \u2013 Presspaketering (Anv\u00e4nds av arbetsmilj\u00f6verket som referensanl\u00e4ggning g\u00e4llande god maskins\u00e4kerhet)<\/p>\n<p>2006 \u2013 Vitech Virkeshanteringsteknik \u2013 Stora Enso Gruv\u00f6n \u2013 Automatsortering<\/p>\n<p>2006 \u2013 Renholmens Mekaniska \u2013 Siljans S\u00e5gverk \u2013 Armstyrning paketmaskin<\/p>\n<p>2006 \u2013 SCA Timber \u2013 Rundviks S\u00e5gverk \u2013 Byte av S5 system p\u00e5 str\u00f6l\u00e4ggare<\/p>\n<p>2006 \u2013 Moelven Notn\u00e4s S\u00e5gverk \u2013 Armstyrning p\u00e5 str\u00f6l\u00e4ggare<\/p>\n<p>2006 \u2013 Tj\u00e4rnviks Tr\u00e4 \u2013 Presspaketering<\/p>\n<p>2006 \u2013 Nyland Design AB \u2013 Tr\u00e4team \u2013 Multikaplinje<\/p>\n<p>2006 \u2013 GVC \u2013 Mobil barkrivare<\/p>\n<p>2006 \u2013 GVC \u2013 Ombyggnad av \u00e4ldre mobil barkrivare (Generator 800 kVA)<\/p>\n<p>2006 \u2013 SCA Bollsta S\u00e5gverk \u2013 Maskins\u00e4kerhet presspaketering<\/p>\n<p>2006 \u2013 PQ Sweden Utansj\u00f6 \u2013 Drifttagning av vattenglastillverkning<\/p>\n<p>2006 \u2013 Vitech Virkeshanteringsteknik \u2013 F\u00e4rila S\u00e5gverk \u2013 Robotkapsstyrning<\/p>\n<p>2006 \u2013 Norrlands Tr\u00e4 AB \u2013 Pelletsfabrik (programmering av 7 Omron styrsystem)<\/p>\n<p>2006 \u2013 SCA Rundviks S\u00e5gverk \u2013 Stegmatare Justerverk<\/p>\n<p>2006 \u2013 SCA Rundviks S\u00e5gverk \u2013 Stegmatare Str\u00f6l\u00e4ggare<\/p>\n<p>2006 \u2013 Vitech Virkeshanteringsteknik \u2013 Viking Timber Asarum \u2013 Str\u00f6mottagare<\/p>\n<p>2006 &#8211; Vitech Virkeshanteringsteknik \u2013 Viking Timber Asarum \u2013 Nytt intag p\u00e5 justerk med PID-styrning av matare.<\/p>\n<p>2006 \u2013 GVC \u2013 Mobil s\u00e5llanl\u00e4ggning<\/p>\n<p>&nbsp;<\/p>\n<p>2005 \u2013 SCA Rundvik &#8211; Fl\u00e4ktanl\u00e4ggning<\/p>\n<p>2005 \u2013 NK Lundstr\u00f6m \u2013 Intag<\/p>\n<p>2005 \u2013 QVICON \u2013 SETRA Heby S\u00e5gverk \u2013 Justerverk<\/p>\n<p>2005 \u2013 Vitech Virkeshanteringsteknik Ab \u2013 Armstryrning p\u00e5 str\u00f6l\u00e4ggare<\/p>\n<p>2005 \u2013 Norrlands Tr\u00e4 \u2013 Installation av Schneiders Vijeo Look p\u00e5 m\u00e5leri<\/p>\n<p>&nbsp;<\/p>\n<p>1997 &#8211; Tr\u00e4team AB Siemens system f\u00f6r sortering och modulkapning av virke &#8211; Siemens S7<br \/>\n1998 &#8211; Graninge Skog &amp; Tr\u00e4 Bollsta S\u00e5gverk Paketregistering av str\u00f6lagt virke med Citect koppling &#8211; Siemens S7 system<\/p>\n<p>1997 &#8211; Tr\u00e4team AB Siemens system f\u00f6r sortering och modulkapning av virke &#8211; Siemens S7<br \/>\n1998 &#8211; Graninge Skog &amp; Tr\u00e4 Bollsta S\u00e5gverk Paketregistering av str\u00f6lagt virke med Citect koppling &#8211; Siemens S7 system<br \/>\n1998 &#8211; Norrlands Tr\u00e4f\u00f6r\u00e4dling AB. Styrning av skyttelstyrning f\u00f6r \u00e4ndspontningsaggregat &#8211; Siemens S7 system<br \/>\n1998 &#8211; Norrlands Tr\u00e4f\u00f6r\u00e4dling AB. Registrerings och etiketteringsanl\u00e4ggning f\u00f6r golvtr\u00e4 &#8211; Siemens 95U \/ Prodave<br \/>\n1998 &#8211; Norrlands Tr\u00e4f\u00f6r\u00e4dling AB. Styrning av m\u00e5leri och oljevalsanl\u00e4ggning &#8211; Modicon TSX micro<br \/>\n1998 &#8211; Vitech Virkeshanteringsteknik AB (Mellanskog AB\u00a0F\u00e4rila S\u00e5gverk). Elkonstruktion och styrning av str\u00f6l\u00e4ggare &#8211; Siemens S7 system<br \/>\n1998 &#8211; Renholmens Mekaniska Verkstad (Luvian Saha OY). Tillbyggnad av fackdel<br \/>\n1998 &#8211; Renholmens Mekaniska Verkstad AB (S\u00f6dra Timber AB. Kindas\u00e5gen) Ombyggnad av justerverk<br \/>\n1998 &#8211; S\u00f6dra Timber AB. Kindas\u00e5gen. Etikettutskriftsprogram<br \/>\n1998 &#8211; Nyland Design AB (Norrlands Tr\u00e4) Buntnings och Sorteringslinje &#8211; Siemens S95U \/ Citect \/ Visual Basic<br \/>\n1998 &#8211; Nyland Design AB (Norrlands Tr\u00e4) Paketl\u00e4ggare &#8211; Modicon TSX micro<br \/>\n1998 &#8211; SCA Timber AB Lugnviks S\u00e5gverk. Kassettstyrning dimensionssortering &#8211; Siemens 95U<br \/>\n1998 &#8211; Troponor (Jarl Tr\u00e4 AB). Proportionalventilstyrning av centrumavl\u00e4gg<br \/>\n1998 &#8211; Norrlands Tr\u00e4f\u00f6r\u00e4dling AB. Kvalitetssortering golvtr\u00e4 &#8211; Siemens 95U<\/p>\n<p>F\u00e4rila S\u00e5gverk). Elkonstruktion och styrning av str\u00f6l\u00e4ggare &#8211; Siemens S7 system<br \/>\n1998 &#8211; Renholmens Mekaniska Verkstad (Luvian Saha OY). Tillbyggnad av fackdel<br \/>\n1998 &#8211; Renholmens Mekaniska Verkstad AB (S\u00f6dra Timber AB. Kindas\u00e5gen) Ombyggnad av justerverk<br \/>\n1998 &#8211; S\u00f6dra Timber AB. Kindas\u00e5gen. Etikettutskriftsprogram<br \/>\n1998 &#8211; Nyland Design AB (Norrlands Tr\u00e4) Buntnings och Sorteringslinje &#8211; Siemens S95U \/ Citect \/ Visual Basic<br \/>\n1998 &#8211; Nyland Design AB (Norrlands Tr\u00e4) Paketl\u00e4ggare &#8211; Modicon TSX micro<br \/>\n1998 &#8211; SCA Timber AB Lugnviks S\u00e5gverk. Kassettstyrning dimensionssortering &#8211; Siemens 95U<br \/>\n1998 &#8211; Troponor (Jarl Tr\u00e4 AB). Proportionalventilstyrning av centrumavl\u00e4gg<br \/>\n1998 &#8211; Norrlands Tr\u00e4f\u00f6r\u00e4dling AB. Kvalitetssortering golvtr\u00e4 &#8211; Siemens 95U<br \/>\n1998 &#8211; Tr\u00e4team AB. \u00c4ndspontningslinje &#8211; Siemens S7 system<br \/>\n1998 &#8211; SCA Timber AB Lugnviks S\u00e5gverk &#8211; Bildsk\u00e4rmshanteringssystem till s\u00e5glinje &#8211; Prodave<br \/>\n1998 &#8211; Renholmens Mekaniska Verkstad AB (Seskar\u00f6 S\u00e5gverk). Ombyggnad av justerverk och paketmaskin &#8211; Siemens 95U<br \/>\n1998 &#8211; Vitech Virkeshanteringsteknik AB (L\u00f6vholmens S\u00e5gverk). Str\u00f6hantering<br \/>\n1998 &#8211; Renholmens Mekaniska Verkstad AB (Siljans S\u00e5gverk). Modifiering av str\u00f6l\u00e4ggare &#8211; Siemens S7 system<br \/>\n1999 &#8211; Nyland Design AB (Norrlands Tr\u00e4) Bandputslinje &#8211; Omron<br \/>\n1999 &#8211; GVC AB (Norrlands Tr\u00e4) Sp\u00e5nfl\u00e4ktar<br \/>\n1999 &#8211; Trikarna El AB (S\u00c5GRA) Mobil s\u00e5ll<br \/>\n1999 &#8211; Trikarna El AB Jetfilter relationshandl\u00e4ggning<br \/>\n1999 &#8211; Moelven Notn\u00e4s AB &#8211; Ombyggnad av centrumsortering<\/p>\n<p>1999 &#8211; Tj\u00e4rnviks Tr\u00e4 AB &#8211; Modifiering av str\u00f6l\u00e4ggare<br \/>\n1999 &#8211; SCA Timber AB Lugnviks S\u00e5gverk &#8211; Kraftsk\u00e5p till str\u00f6l\u00e4ggare<br \/>\n1999 &#8211; Graninge Rundviks S\u00e5gverk &#8211; Str\u00f6l\u00e4ggarstyrning<br \/>\n1999 &#8211; SCA Timber AB Munksunds S\u00e5gverk &#8211; Tiltstyrning<br \/>\n1999 &#8211; ASSI Dom\u00e4n AB L\u00f6vholmens S\u00e5gverk &#8211; Modifiering av s\u00e5glinje<br \/>\n1999 &#8211; Vitech Virkeshanteringsteknik AB (Graninge Bollsta S\u00e5gverk) &#8211; Ny tilt med hj\u00e4lphiss<br \/>\n1999 &#8211; Norrlands Tr\u00e4f\u00f6r\u00e4dling &#8211; M\u00e5ttkontroll inne i hyvel (Checkar not och sp\u00e5nts passform)<br \/>\n1999 &#8211; Norrlands Tr\u00e4f\u00f6r\u00e4dling &#8211; Styrning av virkestork (m\u00e5leri)<br \/>\n1999 &#8211; Graninge Rundviks S\u00e5gverk &#8211; Elektrisk synkronisering av banor p\u00e5 centrumsortering (Vacon frekvensomriktare)<br \/>\n1999 &#8211; Renholmens Mekaniska Verkstad AB (Ekjs\u00f6hus) &#8211; Bolsterdetektering<br \/>\n1999 &#8211; Vitech Virkeshanteringsteknik AB (Ala S\u00e5gverk) &#8211; Stegmatande virkeselevator samt retardationstransport\u00f6r<br \/>\n2000 &#8211; Nyland Design AB (Norrlands Tr\u00e4f\u00f6r\u00e4dling) &#8211; Buntsortering och folieringslinje<\/p>\n<p>2000 &#8211; Graninge Bollsta S\u00e5gverk &#8211; Paketregistrering med \u00f6verf\u00f6ring till Eviva system<br \/>\n2000 &#8211; Graninge Bollsta S\u00e5gverk &#8211; Str\u00f6mottagare<br \/>\n2000 &#8211; Trikarna El AB (BioNorr) &#8211; Paketering av pellets<br \/>\n2000 &#8211; Fridlunds Teknik AB (Trones Bruk A\/S Verdal) &#8211; Timmerintag<br \/>\n2000 &#8211; Scaninge Timber AB Lugnviks S\u00e5gverk &#8211; Str\u00f6mottagare<br \/>\n2000 &#8211; S\u00f6dra Timber AB Kinda S\u00e5gverk &#8211; Modifieringar av fackdel och paketmaskin<br \/>\n2000 &#8211; Vitech Virkeshanteringsteknik AB Notn\u00e4s S\u00e5gverk &#8211; Ombyggnad av fackdel och paketl\u00e4ggare<br \/>\n2000 &#8211; Tr\u00e4team AB &#8211; Paketintag<br \/>\n2000 &#8211; Vitech Virkeshanetringsteknik AB Brattby S\u00e5gverk &#8211; Str\u00f6hantering<br \/>\n2000 &#8211; John Ersson Engineering AB &#8211; Optimeringskap (programvara)<br \/>\n2000 &#8211; Vitech Virkeshanteringsteknik AB &#8211; Stora Enso, Kopparfors S\u00e5gverk &#8211; Modifiering av dimensionssortering<br \/>\n2000 &#8211; John Ersson Engineering AB &#8211; S\u00f6rlaminering A\/S &#8211; H\u00f6gfrekvenspress limtr\u00e4balk<br \/>\n2000 &#8211; Scaninge Timber AB, Bollsta S\u00e5gverk &#8211; Modifiering av paketl\u00e4ggare<br \/>\n2001 &#8211; Notn\u00e4s S\u00e5gverk &#8211; Modifiering av str\u00f6l\u00e4ggare<br \/>\n2001 &#8211; Nyland Design AB &#8211; Norrlands Tr\u00e4f\u00f6r\u00e4dling AB &#8211; Klyvlinje<\/p>\n<p>2001 &#8211; John Ersson Engineering AB &#8211; Mosser Gmbh, \u00d6sterrike &#8211; H\u00f6gfrekvenspress limtr\u00e4balk<br \/>\n2001 &#8211; Norrlands Tr\u00e4f\u00f6r\u00e4dling AB &#8211; Styrning av sprutbox<br \/>\n2001 &#8211; Norrlands Tr\u00e4f\u00f6r\u00e4dling AB &#8211; Kapoptimeringslinje<br \/>\n2001 &#8211; Trikarna El AB &#8211; Nyn\u00e4s AB &#8211; Pumpstyrningsanl\u00e4ggning<br \/>\n2001 &#8211; Hissmofors S\u00e5gverk &#8211; Modifiering av str\u00f6l\u00e4ggare<br \/>\n2001 &#8211; Scaninge Timber AB &#8211; Rundviks S\u00e5gverk &#8211; Flytt och ombyggnad av T\u00e4hk\u00e4 timmersortering<br \/>\n2001 &#8211; Fridlunds Teknik AB &#8211; Swedewood Tichwin &#8211; Timmerintag<br \/>\n2001 &#8211; Fridlunds Teknik AB &#8211; Swedewood Tichwin &#8211; Timmersortering kraftdel<br \/>\n2001 &#8211; Brattby S\u00e5gverk AB &#8211; Ombyggnad och optimeringsarbeten f\u00f6r str\u00f6l\u00e4ggare<br \/>\n2001 &#8211; GVC AB &#8211; Mobil barkrivare<br \/>\n2001 &#8211; Vitech Virkeshanteringsteknik AB &#8211; Scaninge Timber AB &#8211; Bollsta S\u00e5gverk &#8211; Ombyggnad av str\u00f6mottagare<br \/>\n2001 &#8211; Vitech Virkeshanteringsteknik AB &#8211; STORA ENSO &#8211; Norrsundet &#8211; Stegmatarstyrning<br \/>\n2001 &#8211; John Ersson Engineering AB &#8211; Ante Holtz, Tyskland &#8211; H\u00f6gfrekvenspress limtr\u00e4balk<br \/>\n2001 &#8211; Vitech Virkeshanteringsteknik AB &#8211; STORA ENSO &#8211; Gruv\u00f6n &#8211; Str\u00f6mottagare<br \/>\n2001 &#8211; Vitech Virkeshanteringsteknik AB &#8211; STORA ENSO &#8211; Gruv\u00f6n &#8211; Centrumvirkessortering<br \/>\n2001 &#8211; Vitech Virkeshanteringsteknik AB &#8211; STORA ENSO &#8211; Gruv\u00f6n &#8211; Str\u00f6l\u00e4ggare<br \/>\n2001 &#8211; Trikarna El AB &#8211; Dokumentation containervagn HEMAB<br \/>\n2001 &#8211; Trikarna El AB &#8211; Dokumentation Technicus H\u00e4rn\u00f6sand<br \/>\n2001 &#8211; Norrlands Tr\u00e4f\u00f6r\u00e4dling &#8211; PLC Utrustning f\u00f6r v\u00e4rme\u00e5tervinning p\u00e5 hyvleri<br \/>\n2001 &#8211; Norrlands Tr\u00e4f\u00f6r\u00e4dling &#8211; PLC Utrustning f\u00f6r v\u00e4rme\u00e5tervinning p\u00e5 m\u00e5leri<br \/>\n2001 &#8211; Scaninge Timber AB &#8211; Bollsta S\u00e5gverk &#8211; Registrering anpassning till PIA<br \/>\n2001 &#8211; Trikarna El AB &#8211; Dokumentation \u00f6ver H\u00e4rn\u00f6sands stadsn\u00e4t.<\/p>\n<p>2001 &#8211; Alfta Pall &#8211; Kaplinje<br \/>\n2002 &#8211; Scaninge Timber AB &#8211; Rundviks S\u00e5gverk &#8211; Paketregistrering<br \/>\n2002 &#8211; Norrlands Tr\u00e4f\u00f6r\u00e4dling &#8211; Pulsgivarstyrda \u00e4ndspontningsaggregat<br \/>\n2002 &#8211; Renholmens Mekaniska Verkstad AB &#8211; L\u00e5ngshyttans S\u00e5gverk &#8211; Servostyrd kap<br \/>\n2002 &#8211; Vitech Virkeshanteringsteknik AB &#8211; STORA ENSO &#8211; Ala &#8211; Dimensionssortering<br \/>\n2002 &#8211; Renholmens Mekaniska Verkstad AB &#8211; L\u00f6vholmens S\u00e5gverk &#8211; Ombyggnad av paketl\u00e4ggare<br \/>\n2002 &#8211; Renholmens Mekaniska Verkstad AB &#8211; L\u00f6vholmens S\u00e5gverk &#8211; F\u00f6rl\u00e4ngning av fackdel<br \/>\n2002 &#8211; Scaninge Timber AB &#8211; Bollsta S\u00e5gverk &#8211; Utbildningsprogram f\u00f6r Siemens S7<br \/>\n2002 &#8211; Vitech Virkeshanteringsteknik AB &#8211; Heby S\u00e5gverk &#8211; Str\u00f6l\u00e4ggare f\u00f6r centrumvirke<br \/>\n2002 &#8211; Vitech Virkeshanteringsteknik AB &#8211; STORA ENSO &#8211; Gruv\u00f6n &#8211; Ny fackdel till r\u00e5sortering<br \/>\n2002 &#8211; Fridlunds Teknik AB &#8211; Hedins Krylbo &#8211; Emballageutl\u00e4ggare<br \/>\n2002 &#8211; Renholmens Mekaniska Verkstad AB &#8211; L\u00e5ngshyttans S\u00e5gverk &#8211; Ombyggnad av robotkap<br \/>\n2002 &#8211; Mellanskog F\u00e4rila S\u00e5gverk &#8211; Robotkapsstyrning (Bosch)<br \/>\n2002 &#8211; Renholmens Mekaniska Verkstad AB &#8211; L\u00f6vholmens S\u00e5gverk &#8211; Ny huvuddrift till sorteringstransport\u00f6r<br \/>\n2002 &#8211; Renholmens Mekaniska Verkstad AB &#8211; Siljans S\u00e5gverk &#8211; Ombyggnad av str\u00f6l\u00e4ggare (tillg\u00e4nglighet)<br \/>\n2002 &#8211; Vitech Virkeshanteringsteknik AB &#8211; STORA ENSO &#8211; Ala &#8211; Styrsystem och &#8221;upphottning&#8221; av str\u00f6l\u00e4ggare<br \/>\n2002 &#8211; Renholmens Mekaniska Verkstad AB &#8211; BoxBoxholms S\u00e5gverk &#8211; Pakethiss<br \/>\n2003 &#8211; Vitech Virkeshanteringsteknik AB &#8211; Elprojektering SCA Tunadals S\u00e5gverk &#8211; T400<br \/>\n2003 &#8211; Benima Norr AB &#8211; Programmering Str\u00f6l\u00e4ggare SCA Tunadals S\u00e5gverk &#8211; T400<br \/>\n2003 &#8211; SCA Rundviks S\u00e5gverk &#8211; R\u00e5lappsm\u00e4rkning vid str\u00f6l\u00e4ggare<br \/>\n2003 &#8211; Nyland Design AB &#8211; Emballagel\u00e4ggare JABO<br \/>\n2003 &#8211; Nyland Design AB &#8211; Emballagel\u00e4ggare S\u00f6dra Timber AB &#8211; Kindas\u00e5gen<br \/>\n2003 &#8211; Nyland Design AB &#8211; Emballagel\u00e4ggare Moelven Hamar Verk<br \/>\n2003 &#8211; SCA Tunadals S\u00e5gverk &#8211; PLC Styrning av huggavdelning<br \/>\n2003 &#8211; Vitech Virkeshanteringsteknik AB &#8211; SCA Rundviks S\u00e5gverk &#8211; Styrsystemsbyte paketl\u00e4ggare<br \/>\n2003 &#8211; SCA Bollsta S\u00e5gverk &#8211; Styrsystem f\u00f6r avstr\u00f6ningsverk<br \/>\n2003 &#8211; Renholmens Mekaniska Verkstad AB &#8211; ASSI Seskar\u00f6 &#8211; Posicutstyrning<\/p>\n<p>2003 &#8211; Vitech Virkeshanteringsteknik AB &#8211; STORA ENSO Ala S\u00e5gverk &#8211; Justerverk med Finscan utrustning<br \/>\n2003 &#8211; Vitech Virkeshanteringsteknik AB &#8211; SCA Tundals S\u00e5gverk &#8211; Servoanslag<br \/>\n2003 &#8211; Trikarna El AB &#8211; T\u00f6va kabel\u00e5tervinning &#8211; Programmering<br \/>\n2004 &#8211; Tr\u00e4team &#8211; Trimmerstyrning och paketintag f\u00f6r hyvel<br \/>\n2004 &#8211; Nyland Design AB &#8211; Norrlands Tr\u00e4 AB &#8211; Hyvelintag<br \/>\n2004 &#8211; Nyland Design AB &#8211; SCA Rundviks S\u00e5gverk &#8211; Upgradeline<br \/>\n2004 &#8211; Vitech Virkeshanteringsteknik AB &#8211; SCA Tunadals S\u00e5gverk &#8211; Inmatning till lok<br \/>\n2004 &#8211; SCA Boillsta S\u00e5gverk &#8211; St\u00e4llverksbyte torkar<br \/>\n2004 &#8211; Vitech Virkeshanteringsteknik AB &#8211; SCA Tunadals S\u00e5gverk &#8211; Styrsystemsbyte l\u00e4ggare JV4<br \/>\n2004 &#8211; Vitech Virkeshanteringsteknik AB &#8211; SCA Tunadals S\u00e5gverk &#8211; Bindstr\u00f6kassetter LP-Verk<br \/>\n2004 &#8211; Vitech Virkeshanteringsteknik AB &#8211; SETRA Heby S\u00e5gverk &#8211; Str\u00f6hantering<br \/>\n2004 &#8211; Vitech Virkeshanteringsteknik AB &#8211; SETRA Heby S\u00e5gverk &#8211; Styrsystemsbyte dimensionssortering<br \/>\n2004 &#8211; Vitech Virkeshanteringsteknik AB &#8211; SETRA Heby S\u00e5gverk &#8211; Paketl\u00e4ggare och presspaketering<\/p>\n<p>2004 &#8211; Norrlands Tr\u00e4 AB &#8211; Bandrensningsstyrning f\u00f6r putsmaskin<\/p>\n<p>&nbsp;<\/p>\n<p>&nbsp;<\/p>\n","protected":false},"excerpt":{"rendered":"<p>2009 \u2013 Renholmens Mekaniska \u2013 Moelven Sokna Bruk \u2013 Str\u00f6l\u00e4ggare 2009 \u2013 Vitech Virkeshanteringsteknik \u2013 SCA Bollsta S\u00e5gverk \u2013 Automatsortering 2009 \u2013 SCA Timber \u2013 Rundviks S\u00e5gverk \u2013 Enstyckematare med Safety utrustning 2009 \u2013 SCA Timber \u2013 Rundviks S\u00e5gverk \u2013 &hellip; <a href=\"http:\/\/www.ceilog.se\/index.php\/referenser\/\">L\u00e4s mer <span class=\"meta-nav\">&rarr;<\/span><\/a><\/p>\n","protected":false},"author":1,"featured_media":0,"parent":0,"menu_order":0,"comment_status":"closed","ping_status":"closed","template":"","meta":[],"_links":{"self":[{"href":"http:\/\/www.ceilog.se\/index.php\/wp-json\/wp\/v2\/pages\/32"}],"collection":[{"href":"http:\/\/www.ceilog.se\/index.php\/wp-json\/wp\/v2\/pages"}],"about":[{"href":"http:\/\/www.ceilog.se\/index.php\/wp-json\/wp\/v2\/types\/page"}],"author":[{"embeddable":true,"href":"http:\/\/www.ceilog.se\/index.php\/wp-json\/wp\/v2\/users\/1"}],"replies":[{"embeddable":true,"href":"http:\/\/www.ceilog.se\/index.php\/wp-json\/wp\/v2\/comments?post=32"}],"version-history":[{"count":0,"href":"http:\/\/www.ceilog.se\/index.php\/wp-json\/wp\/v2\/pages\/32\/revisions"}],"wp:attachment":[{"href":"http:\/\/www.ceilog.se\/index.php\/wp-json\/wp\/v2\/media?parent=32"}],"curies":[{"name":"wp","href":"https:\/\/api.w.org\/{rel}","templated":true}]}}