{"id":27,"date":"2015-05-19T20:07:40","date_gmt":"2015-05-19T18:07:40","guid":{"rendered":"http:\/\/www.ceilog.se\/?page_id=27"},"modified":"2015-05-19T20:07:40","modified_gmt":"2015-05-19T18:07:40","slug":"skapbyggnad","status":"publish","type":"page","link":"http:\/\/www.ceilog.se\/index.php\/skapbyggnad\/","title":{"rendered":"Sk\u00e5pbyggnad"},"content":{"rendered":"<p align=\"left\"><img loading=\"lazy\" class=\"size-full wp-image-60 alignleft\" alt=\"el-knappar\" src=\"http:\/\/www.ceilog.ymex.com\/wp-content\/uploads\/2015\/05\/el-knappar.jpg\" width=\"334\" height=\"209\" srcset=\"http:\/\/www.ceilog.se\/wp-content\/uploads\/2015\/05\/el-knappar.jpg 334w, http:\/\/www.ceilog.se\/wp-content\/uploads\/2015\/05\/el-knappar-300x188.jpg 300w\" sizes=\"(max-width: 334px) 100vw, 334px\" \/><br \/>\n<strong>Apparatsk\u00e5psbyggnation<br \/>\noch konstruktion<\/strong><\/p>\n<p>&nbsp;<\/p>\n<p>Med v\u00e5r samarbetspartner NECON i Bergeforsen erbjuder vi all konstruktion och byggnation av el apparat sk\u00e5p.<\/p>\n<p>&nbsp;<\/p>\n<p>Kontakta oss\u00a0f\u00f6r en offert om ni har behov av sk\u00e5pbyggen. Beh\u00f6vs det kan vi hj\u00e4lpa er med el-konstruktionen ocks\u00e5.<\/p>\n","protected":false},"excerpt":{"rendered":"<p>Apparatsk\u00e5psbyggnation och konstruktion &nbsp; Med v\u00e5r samarbetspartner NECON i Bergeforsen erbjuder vi all konstruktion och byggnation av el apparat sk\u00e5p. &nbsp; Kontakta oss\u00a0f\u00f6r en offert om ni har behov av sk\u00e5pbyggen. Beh\u00f6vs det kan vi hj\u00e4lpa er med el-konstruktionen ocks\u00e5.<\/p>\n","protected":false},"author":1,"featured_media":0,"parent":0,"menu_order":0,"comment_status":"closed","ping_status":"closed","template":"","meta":[],"_links":{"self":[{"href":"http:\/\/www.ceilog.se\/index.php\/wp-json\/wp\/v2\/pages\/27"}],"collection":[{"href":"http:\/\/www.ceilog.se\/index.php\/wp-json\/wp\/v2\/pages"}],"about":[{"href":"http:\/\/www.ceilog.se\/index.php\/wp-json\/wp\/v2\/types\/page"}],"author":[{"embeddable":true,"href":"http:\/\/www.ceilog.se\/index.php\/wp-json\/wp\/v2\/users\/1"}],"replies":[{"embeddable":true,"href":"http:\/\/www.ceilog.se\/index.php\/wp-json\/wp\/v2\/comments?post=27"}],"version-history":[{"count":0,"href":"http:\/\/www.ceilog.se\/index.php\/wp-json\/wp\/v2\/pages\/27\/revisions"}],"wp:attachment":[{"href":"http:\/\/www.ceilog.se\/index.php\/wp-json\/wp\/v2\/media?parent=27"}],"curies":[{"name":"wp","href":"https:\/\/api.w.org\/{rel}","templated":true}]}}