{"id":21,"date":"2015-05-19T18:55:18","date_gmt":"2015-05-19T16:55:18","guid":{"rendered":"http:\/\/www.ceilog.se\/?page_id=21"},"modified":"2015-05-19T18:55:18","modified_gmt":"2015-05-19T16:55:18","slug":"tjanster","status":"publish","type":"page","link":"http:\/\/www.ceilog.se\/index.php\/tjanster\/","title":{"rendered":"Tj\u00e4nster"},"content":{"rendered":"<p><strong>Ceilog Automation AB utf\u00f6r:<br \/>\n<\/strong><\/p>\n<ul>\n<li>Elprojektering<\/li>\n<li>Elkonstruktion f\u00f6r industrin &#8211; Cadett ELSA \/ AutoCad<\/li>\n<li>Programmering av styrsystem &#8211; Siemens S5 \/ S7 &#8211; Schneider Modicon &#8211; Melsec &#8211; Omron &#8211; SoftPLC<\/li>\n<li>Programmering av HMI-system &#8211; Citect &#8211; Visual Basic industriella applikationer<\/li>\n<li>L\u00f6sningar baserade p\u00e5 SEW:s frekvensriktarteknik<\/li>\n<li>Drifts\u00e4ttningar.<\/li>\n<li>Elinstallation \/ service av fastigheter<\/li>\n<\/ul>\n<blockquote><p>Vi har allm\u00e4n elbeh\u00f6righet!<\/p>\n<p>Ceilog Automation AB har\u00a030 \u00e5rs erfarenhet av industriprojekt med s\u00e5gverksindustrin som fr\u00e4msta kundgrupp<\/p><\/blockquote>\n","protected":false},"excerpt":{"rendered":"<p>Ceilog Automation AB utf\u00f6r: Elprojektering Elkonstruktion f\u00f6r industrin &#8211; Cadett ELSA \/ AutoCad Programmering av styrsystem &#8211; Siemens S5 \/ S7 &#8211; Schneider Modicon &#8211; Melsec &#8211; Omron &#8211; SoftPLC Programmering av HMI-system &#8211; Citect &#8211; Visual Basic industriella applikationer &hellip; <a href=\"http:\/\/www.ceilog.se\/index.php\/tjanster\/\">L\u00e4s mer <span class=\"meta-nav\">&rarr;<\/span><\/a><\/p>\n","protected":false},"author":1,"featured_media":0,"parent":0,"menu_order":0,"comment_status":"closed","ping_status":"closed","template":"","meta":[],"_links":{"self":[{"href":"http:\/\/www.ceilog.se\/index.php\/wp-json\/wp\/v2\/pages\/21"}],"collection":[{"href":"http:\/\/www.ceilog.se\/index.php\/wp-json\/wp\/v2\/pages"}],"about":[{"href":"http:\/\/www.ceilog.se\/index.php\/wp-json\/wp\/v2\/types\/page"}],"author":[{"embeddable":true,"href":"http:\/\/www.ceilog.se\/index.php\/wp-json\/wp\/v2\/users\/1"}],"replies":[{"embeddable":true,"href":"http:\/\/www.ceilog.se\/index.php\/wp-json\/wp\/v2\/comments?post=21"}],"version-history":[{"count":0,"href":"http:\/\/www.ceilog.se\/index.php\/wp-json\/wp\/v2\/pages\/21\/revisions"}],"wp:attachment":[{"href":"http:\/\/www.ceilog.se\/index.php\/wp-json\/wp\/v2\/media?parent=21"}],"curies":[{"name":"wp","href":"https:\/\/api.w.org\/{rel}","templated":true}]}}